{"id":9,"date":"2023-03-09T08:35:42","date_gmt":"2023-03-09T07:35:42","guid":{"rendered":"http:\/\/gorawnieruchomosciach.pl\/?page_id=9"},"modified":"2025-02-10T20:29:52","modified_gmt":"2025-02-10T19:29:52","slug":"tu-zacznij","status":"publish","type":"page","link":"https:\/\/gorawnieruchomosciach.pl\/","title":{"rendered":"Tu zacznij"},"content":{"rendered":"\t\t<div data-elementor-type=\"wp-page\" data-elementor-id=\"9\" class=\"elementor elementor-9\">\n\t\t\t\t\t\t<section class=\"elementor-section elementor-top-section elementor-element elementor-element-135d77e elementor-section-boxed elementor-section-height-default elementor-section-height-default\" data-id=\"135d77e\" data-element_type=\"section\">\n\t\t\t\t\t\t<div class=\"elementor-container elementor-column-gap-default\">\n\t\t\t\t\t<div class=\"elementor-column elementor-col-100 elementor-top-column elementor-element elementor-element-167a4d8\" data-id=\"167a4d8\" data-element_type=\"column\">\n\t\t\t<div class=\"elementor-widget-wrap elementor-element-populated\">\n\t\t\t\t\t\t<div class=\"elementor-element elementor-element-56bc6e9 elementor-widget elementor-widget-heading\" data-id=\"56bc6e9\" data-element_type=\"widget\" data-widget_type=\"heading.default\">\n\t\t\t\t<div class=\"elementor-widget-container\">\n\t\t\t\t\t<h2 class=\"elementor-heading-title elementor-size-default\">NA SPRZEDA\u017b<\/h2>\t\t\t\t<\/div>\n\t\t\t\t<\/div>\n\t\t\t\t\t<\/div>\n\t\t<\/div>\n\t\t\t\t\t<\/div>\n\t\t<\/section>\n\t\t\t\t<section class=\"elementor-section elementor-top-section elementor-element elementor-element-35a531f elementor-section-boxed elementor-section-height-default elementor-section-height-default\" data-id=\"35a531f\" data-element_type=\"section\">\n\t\t\t\t\t\t<div class=\"elementor-container elementor-column-gap-default\">\n\t\t\t\t\t<div class=\"elementor-column elementor-col-50 elementor-top-column elementor-element elementor-element-a2eef10\" data-id=\"a2eef10\" data-element_type=\"column\">\n\t\t\t<div class=\"elementor-widget-wrap elementor-element-populated\">\n\t\t\t\t\t\t<div class=\"elementor-element elementor-element-33cde21 elementor-widget elementor-widget-heading\" data-id=\"33cde21\" data-element_type=\"widget\" data-widget_type=\"heading.default\">\n\t\t\t\t<div class=\"elementor-widget-container\">\n\t\t\t\t\t<h2 class=\"elementor-heading-title elementor-size-default\">Komfortowy dom na Wojszycach z ogrodem 3539 m2<\/h2>\t\t\t\t<\/div>\n\t\t\t\t<\/div>\n\t\t\t\t\t<\/div>\n\t\t<\/div>\n\t\t\t\t<div class=\"elementor-column elementor-col-50 elementor-top-column elementor-element elementor-element-5a9975a\" data-id=\"5a9975a\" data-element_type=\"column\">\n\t\t\t<div class=\"elementor-widget-wrap\">\n\t\t\t\t\t\t\t<\/div>\n\t\t<\/div>\n\t\t\t\t\t<\/div>\n\t\t<\/section>\n\t\t\t\t<section class=\"elementor-section elementor-top-section elementor-element elementor-element-ae2eccb elementor-section-boxed elementor-section-height-default elementor-section-height-default\" data-id=\"ae2eccb\" data-element_type=\"section\">\n\t\t\t\t\t\t<div class=\"elementor-container elementor-column-gap-default\">\n\t\t\t\t\t<div class=\"elementor-column elementor-col-50 elementor-top-column elementor-element elementor-element-63e383a\" data-id=\"63e383a\" data-element_type=\"column\">\n\t\t\t<div class=\"elementor-widget-wrap elementor-element-populated\">\n\t\t\t\t\t\t<div class=\"elementor-element elementor-element-9428bc5 elementor-widget elementor-widget-image\" data-id=\"9428bc5\" data-element_type=\"widget\" data-widget_type=\"image.default\">\n\t\t\t\t<div class=\"elementor-widget-container\">\n\t\t\t\t\t\t\t\t\t\t\t\t\t\t\t<img fetchpriority=\"high\" decoding=\"async\" width=\"800\" height=\"534\" src=\"https:\/\/gorawnieruchomosciach.pl\/wp-content\/uploads\/2023\/11\/DJI_0008_crop_int-1024x683.jpg\" class=\"attachment-large size-large wp-image-329\" alt=\"\" srcset=\"https:\/\/gorawnieruchomosciach.pl\/wp-content\/uploads\/2023\/11\/DJI_0008_crop_int-1024x683.jpg 1024w, https:\/\/gorawnieruchomosciach.pl\/wp-content\/uploads\/2023\/11\/DJI_0008_crop_int-300x200.jpg 300w, https:\/\/gorawnieruchomosciach.pl\/wp-content\/uploads\/2023\/11\/DJI_0008_crop_int-768x512.jpg 768w, https:\/\/gorawnieruchomosciach.pl\/wp-content\/uploads\/2023\/11\/DJI_0008_crop_int.jpg 1200w\" sizes=\"(max-width: 800px) 100vw, 800px\" \/>\t\t\t\t\t\t\t\t\t\t\t\t\t\t\t<\/div>\n\t\t\t\t<\/div>\n\t\t\t\t\t<\/div>\n\t\t<\/div>\n\t\t\t\t<div class=\"elementor-column elementor-col-50 elementor-top-column elementor-element elementor-element-2ead0cf\" data-id=\"2ead0cf\" data-element_type=\"column\">\n\t\t\t<div class=\"elementor-widget-wrap elementor-element-populated\">\n\t\t\t\t\t\t<div class=\"elementor-element elementor-element-a3d2ca1 elementor-align-center elementor-widget elementor-widget-button\" data-id=\"a3d2ca1\" data-element_type=\"widget\" data-widget_type=\"button.default\">\n\t\t\t\t<div class=\"elementor-widget-container\">\n\t\t\t\t\t\t\t\t\t<div class=\"elementor-button-wrapper\">\n\t\t\t\t\t<a class=\"elementor-button elementor-button-link elementor-size-xl\" href=\"http:\/\/gorawnieruchomosciach.pl\/?page_id=48\">\n\t\t\t\t\t\t<span class=\"elementor-button-content-wrapper\">\n\t\t\t\t\t\t\t\t\t<span class=\"elementor-button-text\">Kiknij I przejd\u017a do oferty<\/span>\n\t\t\t\t\t<\/span>\n\t\t\t\t\t<\/a>\n\t\t\t\t<\/div>\n\t\t\t\t\t\t\t\t<\/div>\n\t\t\t\t<\/div>\n\t\t\t\t\t<\/div>\n\t\t<\/div>\n\t\t\t\t\t<\/div>\n\t\t<\/section>\n\t\t\t\t<section class=\"elementor-section elementor-top-section elementor-element elementor-element-e9edb4c elementor-section-boxed elementor-section-height-default elementor-section-height-default\" data-id=\"e9edb4c\" data-element_type=\"section\">\n\t\t\t\t\t\t<div class=\"elementor-container elementor-column-gap-default\">\n\t\t\t\t\t<div class=\"elementor-column elementor-col-33 elementor-top-column elementor-element elementor-element-48a58c4\" data-id=\"48a58c4\" data-element_type=\"column\">\n\t\t\t<div class=\"elementor-widget-wrap elementor-element-populated\">\n\t\t\t\t\t\t<div class=\"elementor-element elementor-element-a4d85ae elementor-widget elementor-widget-image\" data-id=\"a4d85ae\" data-element_type=\"widget\" data-widget_type=\"image.default\">\n\t\t\t\t<div class=\"elementor-widget-container\">\n\t\t\t\t\t\t\t\t\t\t\t\t\t\t\t<img decoding=\"async\" width=\"800\" height=\"800\" src=\"https:\/\/gorawnieruchomosciach.pl\/wp-content\/uploads\/2023\/03\/31.01.2021-1024x1024.jpg\" class=\"attachment-large size-large wp-image-44\" alt=\"\" srcset=\"https:\/\/gorawnieruchomosciach.pl\/wp-content\/uploads\/2023\/03\/31.01.2021-1024x1024.jpg 1024w, https:\/\/gorawnieruchomosciach.pl\/wp-content\/uploads\/2023\/03\/31.01.2021-300x300.jpg 300w, https:\/\/gorawnieruchomosciach.pl\/wp-content\/uploads\/2023\/03\/31.01.2021-150x150.jpg 150w, https:\/\/gorawnieruchomosciach.pl\/wp-content\/uploads\/2023\/03\/31.01.2021-768x768.jpg 768w, https:\/\/gorawnieruchomosciach.pl\/wp-content\/uploads\/2023\/03\/31.01.2021.jpg 1080w\" sizes=\"(max-width: 800px) 100vw, 800px\" \/>\t\t\t\t\t\t\t\t\t\t\t\t\t\t\t<\/div>\n\t\t\t\t<\/div>\n\t\t\t\t\t<\/div>\n\t\t<\/div>\n\t\t\t\t<div class=\"elementor-column elementor-col-33 elementor-top-column elementor-element elementor-element-112e7be\" data-id=\"112e7be\" data-element_type=\"column\">\n\t\t\t<div class=\"elementor-widget-wrap elementor-element-populated\">\n\t\t\t\t\t\t<div class=\"elementor-element elementor-element-249d043 elementor-widget elementor-widget-text-editor\" data-id=\"249d043\" data-element_type=\"widget\" data-widget_type=\"text-editor.default\">\n\t\t\t\t<div class=\"elementor-widget-container\">\n\t\t\t\t\t\t\t\t\t<p><strong>Ma\u0142gorzata G\u00f3ra<\/strong><\/p>\t\t\t\t\t\t\t\t<\/div>\n\t\t\t\t<\/div>\n\t\t\t\t<div class=\"elementor-element elementor-element-1525e66 elementor-widget elementor-widget-text-editor\" data-id=\"1525e66\" data-element_type=\"widget\" data-widget_type=\"text-editor.default\">\n\t\t\t\t<div class=\"elementor-widget-container\">\n\t\t\t\t\t\t\t\t\t<p><strong>kontakt@gorawnieruchomosciach.pl<\/strong><\/p>\t\t\t\t\t\t\t\t<\/div>\n\t\t\t\t<\/div>\n\t\t\t\t<div class=\"elementor-element elementor-element-e256f2f elementor-widget elementor-widget-text-editor\" data-id=\"e256f2f\" data-element_type=\"widget\" data-widget_type=\"text-editor.default\">\n\t\t\t\t<div class=\"elementor-widget-container\">\n\t\t\t\t\t\t\t\t\t<p><strong>tel: +48 539 610 299<\/strong><\/p>\t\t\t\t\t\t\t\t<\/div>\n\t\t\t\t<\/div>\n\t\t\t\t\t<\/div>\n\t\t<\/div>\n\t\t\t\t<div class=\"elementor-column elementor-col-33 elementor-top-column elementor-element elementor-element-d2a1128\" data-id=\"d2a1128\" data-element_type=\"column\">\n\t\t\t<div class=\"elementor-widget-wrap\">\n\t\t\t\t\t\t\t<\/div>\n\t\t<\/div>\n\t\t\t\t\t<\/div>\n\t\t<\/section>\n\t\t\t\t<section class=\"elementor-section elementor-top-section elementor-element elementor-element-04f2364 elementor-section-boxed elementor-section-height-default elementor-section-height-default\" data-id=\"04f2364\" data-element_type=\"section\">\n\t\t\t\t\t\t<div class=\"elementor-container elementor-column-gap-default\">\n\t\t\t\t\t<div class=\"elementor-column elementor-col-20 elementor-top-column elementor-element elementor-element-ccacec8\" data-id=\"ccacec8\" data-element_type=\"column\">\n\t\t\t<div class=\"elementor-widget-wrap elementor-element-populated\">\n\t\t\t\t\t\t<div class=\"elementor-element elementor-element-e3aec5d elementor-widget elementor-widget-video\" data-id=\"e3aec5d\" data-element_type=\"widget\" data-settings=\"{&quot;youtube_url&quot;:&quot;https:\\\/\\\/www.youtube.com\\\/watch?v=\\\/JE1eYDfslE0?feature=share&quot;,&quot;video_type&quot;:&quot;youtube&quot;,&quot;controls&quot;:&quot;yes&quot;}\" data-widget_type=\"video.default\">\n\t\t\t\t<div class=\"elementor-widget-container\">\n\t\t\t\t\t\t\t<div class=\"elementor-wrapper elementor-open-inline\">\n\t\t\t<div class=\"elementor-video\"><\/div>\t\t<\/div>\n\t\t\t\t\t\t<\/div>\n\t\t\t\t<\/div>\n\t\t\t\t\t<\/div>\n\t\t<\/div>\n\t\t\t\t<div class=\"elementor-column elementor-col-20 elementor-top-column elementor-element elementor-element-caf443e\" data-id=\"caf443e\" data-element_type=\"column\">\n\t\t\t<div class=\"elementor-widget-wrap elementor-element-populated\">\n\t\t\t\t\t\t<div class=\"elementor-element elementor-element-e3f63bd elementor-widget elementor-widget-video\" data-id=\"e3f63bd\" data-element_type=\"widget\" data-settings=\"{&quot;youtube_url&quot;:&quot;https:\\\/\\\/youtube.com\\\/watch?v=\\\/ZxifmNCnfFw?si=-TvxXYZVAtTDnB_m&quot;,&quot;video_type&quot;:&quot;youtube&quot;,&quot;controls&quot;:&quot;yes&quot;}\" data-widget_type=\"video.default\">\n\t\t\t\t<div class=\"elementor-widget-container\">\n\t\t\t\t\t\t\t<div class=\"elementor-wrapper elementor-open-inline\">\n\t\t\t<div class=\"elementor-video\"><\/div>\t\t<\/div>\n\t\t\t\t\t\t<\/div>\n\t\t\t\t<\/div>\n\t\t\t\t\t<\/div>\n\t\t<\/div>\n\t\t\t\t<div class=\"elementor-column elementor-col-20 elementor-top-column elementor-element elementor-element-9650ee8\" data-id=\"9650ee8\" data-element_type=\"column\">\n\t\t\t<div class=\"elementor-widget-wrap\">\n\t\t\t\t\t\t\t<\/div>\n\t\t<\/div>\n\t\t\t\t<div class=\"elementor-column elementor-col-20 elementor-top-column elementor-element elementor-element-82d0417\" data-id=\"82d0417\" data-element_type=\"column\">\n\t\t\t<div class=\"elementor-widget-wrap\">\n\t\t\t\t\t\t\t<\/div>\n\t\t<\/div>\n\t\t\t\t<div class=\"elementor-column elementor-col-20 elementor-top-column elementor-element elementor-element-9524c2f\" data-id=\"9524c2f\" data-element_type=\"column\">\n\t\t\t<div class=\"elementor-widget-wrap\">\n\t\t\t\t\t\t\t<\/div>\n\t\t<\/div>\n\t\t\t\t\t<\/div>\n\t\t<\/section>\n\t\t\t\t<section class=\"elementor-section elementor-top-section elementor-element elementor-element-b51ecd6 elementor-section-boxed elementor-section-height-default elementor-section-height-default\" data-id=\"b51ecd6\" data-element_type=\"section\">\n\t\t\t\t\t\t<div class=\"elementor-container elementor-column-gap-default\">\n\t\t\t\t\t<div class=\"elementor-column elementor-col-100 elementor-top-column elementor-element elementor-element-7bd0e87\" data-id=\"7bd0e87\" data-element_type=\"column\">\n\t\t\t<div class=\"elementor-widget-wrap elementor-element-populated\">\n\t\t\t\t\t\t<div class=\"elementor-element elementor-element-5bc55cb elementor-widget-divider--view-line_icon elementor-view-default elementor-widget-divider--element-align-center elementor-widget elementor-widget-divider\" data-id=\"5bc55cb\" data-element_type=\"widget\" data-widget_type=\"divider.default\">\n\t\t\t\t<div class=\"elementor-widget-container\">\n\t\t\t\t\t\t\t<div class=\"elementor-divider\">\n\t\t\t<span class=\"elementor-divider-separator\">\n\t\t\t\t\t\t\t<div class=\"elementor-icon elementor-divider__element\">\n\t\t\t\t\t<i aria-hidden=\"true\" class=\"fas fa-star\"><\/i><\/div>\n\t\t\t\t\t\t<\/span>\n\t\t<\/div>\n\t\t\t\t\t\t<\/div>\n\t\t\t\t<\/div>\n\t\t\t\t\t<\/div>\n\t\t<\/div>\n\t\t\t\t\t<\/div>\n\t\t<\/section>\n\t\t\t\t<section class=\"elementor-section elementor-top-section elementor-element elementor-element-029bfc4 elementor-section-boxed elementor-section-height-default elementor-section-height-default\" data-id=\"029bfc4\" data-element_type=\"section\">\n\t\t\t\t\t\t<div class=\"elementor-container elementor-column-gap-default\">\n\t\t\t\t\t<div class=\"elementor-column elementor-col-100 elementor-top-column elementor-element elementor-element-9889ea3\" data-id=\"9889ea3\" data-element_type=\"column\">\n\t\t\t<div class=\"elementor-widget-wrap elementor-element-populated\">\n\t\t\t\t\t\t<div class=\"elementor-element elementor-element-ae3f3d1 elementor-widget elementor-widget-heading\" data-id=\"ae3f3d1\" data-element_type=\"widget\" data-widget_type=\"heading.default\">\n\t\t\t\t<div class=\"elementor-widget-container\">\n\t\t\t\t\t<h2 class=\"elementor-heading-title elementor-size-default\">Par\u0119 opinii moich klient\u00f3w<\/h2>\t\t\t\t<\/div>\n\t\t\t\t<\/div>\n\t\t\t\t\t<\/div>\n\t\t<\/div>\n\t\t\t\t\t<\/div>\n\t\t<\/section>\n\t\t\t\t<section class=\"elementor-section elementor-top-section elementor-element elementor-element-d388603 elementor-section-boxed elementor-section-height-default elementor-section-height-default\" data-id=\"d388603\" data-element_type=\"section\">\n\t\t\t\t\t\t<div class=\"elementor-container elementor-column-gap-default\">\n\t\t\t\t\t<div class=\"elementor-column elementor-col-100 elementor-top-column elementor-element elementor-element-2587ef2\" data-id=\"2587ef2\" data-element_type=\"column\">\n\t\t\t<div class=\"elementor-widget-wrap elementor-element-populated\">\n\t\t\t\t\t\t<div class=\"elementor-element elementor-element-3b40a60 elementor-widget-divider--view-line_icon elementor-view-default elementor-widget-divider--element-align-center elementor-widget elementor-widget-divider\" data-id=\"3b40a60\" data-element_type=\"widget\" data-widget_type=\"divider.default\">\n\t\t\t\t<div class=\"elementor-widget-container\">\n\t\t\t\t\t\t\t<div class=\"elementor-divider\">\n\t\t\t<span class=\"elementor-divider-separator\">\n\t\t\t\t\t\t\t<div class=\"elementor-icon elementor-divider__element\">\n\t\t\t\t\t<i aria-hidden=\"true\" class=\"fas fa-star\"><\/i><\/div>\n\t\t\t\t\t\t<\/span>\n\t\t<\/div>\n\t\t\t\t\t\t<\/div>\n\t\t\t\t<\/div>\n\t\t\t\t\t<\/div>\n\t\t<\/div>\n\t\t\t\t\t<\/div>\n\t\t<\/section>\n\t\t\t\t<section class=\"elementor-section elementor-top-section elementor-element elementor-element-3d3f007 elementor-section-boxed elementor-section-height-default elementor-section-height-default\" data-id=\"3d3f007\" data-element_type=\"section\">\n\t\t\t\t\t\t<div class=\"elementor-container elementor-column-gap-default\">\n\t\t\t\t\t<div class=\"elementor-column elementor-col-50 elementor-top-column elementor-element elementor-element-c59d3a4\" data-id=\"c59d3a4\" data-element_type=\"column\">\n\t\t\t<div class=\"elementor-widget-wrap elementor-element-populated\">\n\t\t\t\t\t\t<div class=\"elementor-element elementor-element-b07cfca elementor-widget elementor-widget-testimonial\" data-id=\"b07cfca\" data-element_type=\"widget\" data-widget_type=\"testimonial.default\">\n\t\t\t\t<div class=\"elementor-widget-container\">\n\t\t\t\t\t\t\t<div class=\"elementor-testimonial-wrapper\">\n\t\t\t\t\t\t\t<div class=\"elementor-testimonial-content\">Pani Ma\u0142gosiu, <br>postanowi\u0142em napisa\u0107 do Pani tego maila z wyrazami najwy\u017cszego uznania za Pani tytaniczn\u0105 prac\u0119, determinacj\u0119 i wytrwa\u0142o\u015b\u0107 w sprzeda\u017cy mojego mieszkania.  Jak oboje wiemy pr\u00f3bowa\u0142em je sprzeda\u0107 od dw\u00f3ch lat wsp\u00f3\u0142pracuj\u0105c z kilkoma po\u015brednikami , kt\u00f3rzy m\u00f3wi\u0105c kolokwialnie polegli z tym wyzwaniem , do momentu a\u017c spotka\u0142em Pani\u0105 . Pani profesjonalizm indywidualne podej\u015bcie do zadania jak i wszelaka pomoc doprowadzi\u0142a do sprzeda\u017cy mojej nieruchomo\u015bci za co jestem Pani niezmiernie wdzi\u0119czny i jeszcze raz Bardzo dzi\u0119kuje . <br>Jak to mawiaj\u0105 ,, Je\u015bli czego\u015b nie da si\u0119 zrobi\u0107 , musi znale\u017a\u0107 si\u0119 kto\u015b kto o tym nie wie przyjdzie i to zrobi \" i Pani jest tak\u0105 osob\u0105 za co jeszcze raz serdecznie Dzi\u0119kuje.\nZ wyrazami szacunku   Piotr P<\/div>\n\t\t\t\n\t\t\t\t\t\t<div class=\"elementor-testimonial-meta elementor-has-image elementor-testimonial-image-position-aside\">\n\t\t\t\t<div class=\"elementor-testimonial-meta-inner\">\n\t\t\t\t\t\t\t\t\t\t\t<div class=\"elementor-testimonial-image\">\n\t\t\t\t\t\t\t<img decoding=\"async\" width=\"1920\" height=\"2560\" src=\"https:\/\/gorawnieruchomosciach.pl\/wp-content\/uploads\/2023\/03\/IMG_6372-scaled.jpg\" class=\"attachment-full size-full wp-image-37\" alt=\"\" srcset=\"https:\/\/gorawnieruchomosciach.pl\/wp-content\/uploads\/2023\/03\/IMG_6372-scaled.jpg 1920w, https:\/\/gorawnieruchomosciach.pl\/wp-content\/uploads\/2023\/03\/IMG_6372-225x300.jpg 225w, https:\/\/gorawnieruchomosciach.pl\/wp-content\/uploads\/2023\/03\/IMG_6372-768x1024.jpg 768w, https:\/\/gorawnieruchomosciach.pl\/wp-content\/uploads\/2023\/03\/IMG_6372-1152x1536.jpg 1152w, https:\/\/gorawnieruchomosciach.pl\/wp-content\/uploads\/2023\/03\/IMG_6372-1536x2048.jpg 1536w\" sizes=\"(max-width: 1920px) 100vw, 1920px\" \/>\t\t\t\t\t\t<\/div>\n\t\t\t\t\t\n\t\t\t\t\t\t\t\t\t\t<div class=\"elementor-testimonial-details\">\n\t\t\t\t\t\t\t\t\t\t\t\t\t\t<div class=\"elementor-testimonial-name\">Piotr P<\/div>\n\t\t\t\t\t\t\t\t\t\t\t\t\t\t\t\t\t\t\t\t\t\t<div class=\"elementor-testimonial-job\">By\u0142y wla\u015bciciel mieszkania<\/div>\n\t\t\t\t\t\t\t\t\t\t\t\t\t<\/div>\n\t\t\t\t\t\t\t\t\t<\/div>\n\t\t\t<\/div>\n\t\t\t\t\t<\/div>\n\t\t\t\t\t\t<\/div>\n\t\t\t\t<\/div>\n\t\t\t\t\t<\/div>\n\t\t<\/div>\n\t\t\t\t<div class=\"elementor-column elementor-col-50 elementor-top-column elementor-element elementor-element-cd589c4\" data-id=\"cd589c4\" data-element_type=\"column\">\n\t\t\t<div class=\"elementor-widget-wrap elementor-element-populated\">\n\t\t\t\t\t\t<div class=\"elementor-element elementor-element-27f176a elementor-widget elementor-widget-testimonial\" data-id=\"27f176a\" data-element_type=\"widget\" data-widget_type=\"testimonial.default\">\n\t\t\t\t<div class=\"elementor-widget-container\">\n\t\t\t\t\t\t\t<div class=\"elementor-testimonial-wrapper\">\n\t\t\t\t\t\t\t<div class=\"elementor-testimonial-content\">Chcia\u0142em serdecznie podzi\u0119kowa\u0107 pani Ma\u0142gorzacie G\u00f3ra za fachow\u0105 i mi\u0142\u0105 pomoc w sprzeda\u017cy nieruchomo\u015bci w Ponik\u0142ach. 7,5 ha nieruchomo\u015b\u0107 wcale nie by\u0142a \u0142atwa w sprzeda\u017cy, ze wzgl\u0119du na fakt, \u017ce kupiec nie by\u0142 rolnikiem i trzeba by\u0142o uzyska\u0107 zgod\u0119 dyrektora KOWR-u co jest d\u0142ugim procesem i wymagaj\u0105cym generowania wielu dokument\u00f3w, aby sfinalizowa\u0107 t\u0105 sprzeda\u017c. <br>Bez pomocy i cierpliwo\u015bci pani Ma\u0142gorzaty by\u0142oby to niemo\u017cliwe. <br>Profesjonalne podej\u015bcie do interes\u00f3w oraz indywidualne podej\u015bcie do moich potrzeb, sprawi\u0142o, \u017ce ca\u0142a transakcja przebieg\u0142a sprawnie i pomy\u015blnie. Wszystko by\u0142o dopi\u0119te \"na ostatni guzik\". <br><br>Pani\u0105 Ma\u0142gorzat\u0119 polecam wszystkim, kt\u00f3rzy jeszcze nie wiedz\u0105 do kogo zwr\u00f3ci\u0107 si\u0119 o pomoc w kwestii obrotu nieruchomo\u015bciami.\n<\/div>\n\t\t\t\n\t\t\t\t\t\t<div class=\"elementor-testimonial-meta elementor-has-image elementor-testimonial-image-position-aside\">\n\t\t\t\t<div class=\"elementor-testimonial-meta-inner\">\n\t\t\t\t\t\t\t\t\t\t\t<div class=\"elementor-testimonial-image\">\n\t\t\t\t\t\t\t<img decoding=\"async\" src=\"https:\/\/gorawnieruchomosciach.pl\/wp-content\/plugins\/elementor\/assets\/images\/placeholder.png\" title=\"\" alt=\"\" loading=\"lazy\" \/>\t\t\t\t\t\t<\/div>\n\t\t\t\t\t\n\t\t\t\t\t\t\t\t\t\t<div class=\"elementor-testimonial-details\">\n\t\t\t\t\t\t\t\t\t\t\t\t\t\t<div class=\"elementor-testimonial-name\">Jacek M<\/div>\n\t\t\t\t\t\t\t\t\t\t\t\t\t\t\t\t\t\t\t\t\t\t<div class=\"elementor-testimonial-job\">By\u0142y wla\u015bciciel<\/div>\n\t\t\t\t\t\t\t\t\t\t\t\t\t<\/div>\n\t\t\t\t\t\t\t\t\t<\/div>\n\t\t\t<\/div>\n\t\t\t\t\t<\/div>\n\t\t\t\t\t\t<\/div>\n\t\t\t\t<\/div>\n\t\t\t\t\t<\/div>\n\t\t<\/div>\n\t\t\t\t\t<\/div>\n\t\t<\/section>\n\t\t\t\t<section class=\"elementor-section elementor-top-section elementor-element elementor-element-91dd796 elementor-section-boxed elementor-section-height-default elementor-section-height-default\" data-id=\"91dd796\" data-element_type=\"section\">\n\t\t\t\t\t\t<div class=\"elementor-container elementor-column-gap-default\">\n\t\t\t\t\t<div class=\"elementor-column elementor-col-100 elementor-top-column elementor-element elementor-element-412dedd\" data-id=\"412dedd\" data-element_type=\"column\">\n\t\t\t<div class=\"elementor-widget-wrap elementor-element-populated\">\n\t\t\t\t\t\t<div class=\"elementor-element elementor-element-e5211e7 elementor-widget elementor-widget-video\" data-id=\"e5211e7\" data-element_type=\"widget\" data-settings=\"{&quot;youtube_url&quot;:&quot;https:\\\/\\\/www.youtube.com\\\/watchJE1eYDfslE0?feature=share&quot;,&quot;video_type&quot;:&quot;youtube&quot;,&quot;controls&quot;:&quot;yes&quot;}\" data-widget_type=\"video.default\">\n\t\t\t\t<div class=\"elementor-widget-container\">\n\t\t\t\t\t\t\t<div class=\"elementor-wrapper elementor-open-inline\">\n\t\t\t<div class=\"elementor-video\"><\/div>\t\t<\/div>\n\t\t\t\t\t\t<\/div>\n\t\t\t\t<\/div>\n\t\t\t\t\t<\/div>\n\t\t<\/div>\n\t\t\t\t\t<\/div>\n\t\t<\/section>\n\t\t\t\t<\/div>\n\t\t","protected":false},"excerpt":{"rendered":"<p>NA SPRZEDA\u017b Komfortowy dom na Wojszycach z ogrodem 3539 m2 Kiknij I przejd\u017a do oferty Ma\u0142gorzata G\u00f3ra kontakt@gorawnieruchomosciach.pl tel: +48 539 610 299 https:\/\/www.youtube.com\/watch?v=\/JE1eYDfslE0?feature=sharehttps:\/\/youtube.com\/watch?v=\/ZxifmNCnfFw?si=-TvxXYZVAtTDnB_m Par\u0119 opinii moich klient\u00f3w Pani Ma\u0142gosiu, postanowi\u0142em napisa\u0107 do Pani tego maila z wyrazami najwy\u017cszego uznania za Pani tytaniczn\u0105 prac\u0119, determinacj\u0119 i wytrwa\u0142o\u015b\u0107 w sprzeda\u017cy mojego mieszkania. Jak oboje wiemy pr\u00f3bowa\u0142em je sprzeda\u0107 od dw\u00f3ch lat wsp\u00f3\u0142pracuj\u0105c z kilkoma po\u015brednikami , kt\u00f3rzy m\u00f3wi\u0105c kolokwialnie polegli z tym wyzwaniem , do momentu [&hellip;]<\/p>\n","protected":false},"author":1,"featured_media":0,"parent":0,"menu_order":0,"comment_status":"closed","ping_status":"closed","template":"","meta":{"footnotes":""},"class_list":["post-9","page","type-page","status-publish","hentry"],"_links":{"self":[{"href":"https:\/\/gorawnieruchomosciach.pl\/index.php?rest_route=\/wp\/v2\/pages\/9","targetHints":{"allow":["GET"]}}],"collection":[{"href":"https:\/\/gorawnieruchomosciach.pl\/index.php?rest_route=\/wp\/v2\/pages"}],"about":[{"href":"https:\/\/gorawnieruchomosciach.pl\/index.php?rest_route=\/wp\/v2\/types\/page"}],"author":[{"embeddable":true,"href":"https:\/\/gorawnieruchomosciach.pl\/index.php?rest_route=\/wp\/v2\/users\/1"}],"replies":[{"embeddable":true,"href":"https:\/\/gorawnieruchomosciach.pl\/index.php?rest_route=%2Fwp%2Fv2%2Fcomments&post=9"}],"version-history":[{"count":95,"href":"https:\/\/gorawnieruchomosciach.pl\/index.php?rest_route=\/wp\/v2\/pages\/9\/revisions"}],"predecessor-version":[{"id":499,"href":"https:\/\/gorawnieruchomosciach.pl\/index.php?rest_route=\/wp\/v2\/pages\/9\/revisions\/499"}],"wp:attachment":[{"href":"https:\/\/gorawnieruchomosciach.pl\/index.php?rest_route=%2Fwp%2Fv2%2Fmedia&parent=9"}],"curies":[{"name":"wp","href":"https:\/\/api.w.org\/{rel}","templated":true}]}}